{"id":324,"date":"2022-03-15T12:23:46","date_gmt":"2022-03-15T12:23:46","guid":{"rendered":"https:\/\/www.elco-easy.ch\/home\/"},"modified":"2022-04-06T07:08:36","modified_gmt":"2022-04-06T07:08:36","slug":"home","status":"publish","type":"page","link":"https:\/\/www.elco-easy.ch\/fr\/","title":{"rendered":"Home"},"content":{"rendered":"\t\t<div data-elementor-type=\"wp-page\" data-elementor-id=\"324\" class=\"elementor elementor-324 elementor-281\" data-elementor-settings=\"{&quot;element_pack_global_tooltip_width&quot;:{&quot;unit&quot;:&quot;px&quot;,&quot;size&quot;:&quot;&quot;,&quot;sizes&quot;:[]},&quot;element_pack_global_tooltip_width_tablet&quot;:{&quot;unit&quot;:&quot;px&quot;,&quot;size&quot;:&quot;&quot;,&quot;sizes&quot;:[]},&quot;element_pack_global_tooltip_width_mobile&quot;:{&quot;unit&quot;:&quot;px&quot;,&quot;size&quot;:&quot;&quot;,&quot;sizes&quot;:[]},&quot;element_pack_global_tooltip_padding&quot;:{&quot;unit&quot;:&quot;px&quot;,&quot;top&quot;:&quot;&quot;,&quot;right&quot;:&quot;&quot;,&quot;bottom&quot;:&quot;&quot;,&quot;left&quot;:&quot;&quot;,&quot;isLinked&quot;:true},&quot;element_pack_global_tooltip_padding_tablet&quot;:{&quot;unit&quot;:&quot;px&quot;,&quot;top&quot;:&quot;&quot;,&quot;right&quot;:&quot;&quot;,&quot;bottom&quot;:&quot;&quot;,&quot;left&quot;:&quot;&quot;,&quot;isLinked&quot;:true},&quot;element_pack_global_tooltip_padding_mobile&quot;:{&quot;unit&quot;:&quot;px&quot;,&quot;top&quot;:&quot;&quot;,&quot;right&quot;:&quot;&quot;,&quot;bottom&quot;:&quot;&quot;,&quot;left&quot;:&quot;&quot;,&quot;isLinked&quot;:true},&quot;element_pack_global_tooltip_border_radius&quot;:{&quot;unit&quot;:&quot;px&quot;,&quot;top&quot;:&quot;&quot;,&quot;right&quot;:&quot;&quot;,&quot;bottom&quot;:&quot;&quot;,&quot;left&quot;:&quot;&quot;,&quot;isLinked&quot;:true},&quot;element_pack_global_tooltip_border_radius_tablet&quot;:{&quot;unit&quot;:&quot;px&quot;,&quot;top&quot;:&quot;&quot;,&quot;right&quot;:&quot;&quot;,&quot;bottom&quot;:&quot;&quot;,&quot;left&quot;:&quot;&quot;,&quot;isLinked&quot;:true},&quot;element_pack_global_tooltip_border_radius_mobile&quot;:{&quot;unit&quot;:&quot;px&quot;,&quot;top&quot;:&quot;&quot;,&quot;right&quot;:&quot;&quot;,&quot;bottom&quot;:&quot;&quot;,&quot;left&quot;:&quot;&quot;,&quot;isLinked&quot;:true}}\">\n\t\t\t\t\t\t<section class=\"elementor-section elementor-top-section elementor-element elementor-element-d62eb92 elementor-section-full_width elementor-section-height-default elementor-section-height-default\" data-id=\"d62eb92\" data-element_type=\"section\">\n\t\t\t\t\t\t<div class=\"elementor-container elementor-column-gap-default\">\n\t\t\t\t\t<div class=\"elementor-column elementor-col-100 elementor-top-column elementor-element elementor-element-1817f81\" data-id=\"1817f81\" data-element_type=\"column\">\n\t\t\t<div class=\"elementor-widget-wrap elementor-element-populated\">\n\t\t\t\t\t\t<div class=\"elementor-element elementor-element-4933e75 elementor-widget elementor-widget-image\" data-id=\"4933e75\" data-element_type=\"widget\" data-widget_type=\"image.default\">\n\t\t\t\t<div class=\"elementor-widget-container\">\n\t\t\t\t\t\t\t\t\t\t\t\t\t\t\t<img decoding=\"async\" src=\"https:\/\/www.elco-easy.ch\/wp-content\/uploads\/elementor\/thumbs\/elco_easy_header-rfkauz55puti2y666bg7qq7ajvvl19nctf790iahc0.jpg\" title=\"elco_easy_header\" alt=\"elco_easy_header\" loading=\"lazy\" \/>\t\t\t\t\t\t\t\t\t\t\t\t\t\t\t<\/div>\n\t\t\t\t<\/div>\n\t\t\t\t\t<\/div>\n\t\t<\/div>\n\t\t\t\t\t<\/div>\n\t\t<\/section>\n\t\t\t\t<section class=\"elementor-section elementor-top-section elementor-element elementor-element-057ab2e elementor-section-boxed elementor-section-height-default elementor-section-height-default\" data-id=\"057ab2e\" data-element_type=\"section\">\n\t\t\t\t\t\t<div class=\"elementor-container elementor-column-gap-default\">\n\t\t\t\t\t<div class=\"elementor-column elementor-col-100 elementor-top-column elementor-element elementor-element-33af73e\" data-id=\"33af73e\" data-element_type=\"column\">\n\t\t\t<div class=\"elementor-widget-wrap elementor-element-populated\">\n\t\t\t\t\t\t<div class=\"elementor-element elementor-element-939488b elementor-widget elementor-widget-heading\" data-id=\"939488b\" data-element_type=\"widget\" data-widget_type=\"heading.default\">\n\t\t\t\t<div class=\"elementor-widget-container\">\n\t\t\t\t\t<h1 class=\"elementor-heading-title elementor-size-default\">ELCO vous facilite le travail.<\/h1>\t\t\t\t<\/div>\n\t\t\t\t<\/div>\n\t\t\t\t<div class=\"elementor-element elementor-element-5f6cfea elementor-widget elementor-widget-spacer\" data-id=\"5f6cfea\" data-element_type=\"widget\" data-widget_type=\"spacer.default\">\n\t\t\t\t<div class=\"elementor-widget-container\">\n\t\t\t\t\t\t\t<div class=\"elementor-spacer\">\n\t\t\t<div class=\"elementor-spacer-inner\"><\/div>\n\t\t<\/div>\n\t\t\t\t\t\t<\/div>\n\t\t\t\t<\/div>\n\t\t\t\t<div class=\"elementor-element elementor-element-9e49a75 elementor-widget elementor-widget-text-editor\" data-id=\"9e49a75\" data-element_type=\"widget\" data-widget_type=\"text-editor.default\">\n\t\t\t\t<div class=\"elementor-widget-container\">\n\t\t\t\t\t\t\t\t\t<p style=\"text-align: center;\"><span style=\"color: #666666; font-family: Verdana, Geneva, sans-serif; font-size: 16px;\">Tout est toujours plus facile quand on sait comment faire. Pour vous aider dans votre travail quotidien, nous avons r\u00e9uni des conseils et astuces utiles sur l\u2019int\u00e9gration, l\u2019installation ou le contr\u00f4le des appareils ELCO sous la forme de br\u00e8ves vid\u00e9os. De nouvelles vid\u00e9os sont r\u00e9guli\u00e8rement ajout\u00e9es.<\/span><\/p>\t\t\t\t\t\t\t\t<\/div>\n\t\t\t\t<\/div>\n\t\t\t\t\t<\/div>\n\t\t<\/div>\n\t\t\t\t\t<\/div>\n\t\t<\/section>\n\t\t\t\t<section class=\"elementor-section elementor-top-section elementor-element elementor-element-3eb14c2 elementor-section-boxed elementor-section-height-default elementor-section-height-default\" data-id=\"3eb14c2\" data-element_type=\"section\">\n\t\t\t\t\t\t<div class=\"elementor-container elementor-column-gap-default\">\n\t\t\t\t\t<div class=\"elementor-column elementor-col-33 elementor-top-column elementor-element elementor-element-b4ab20b\" data-id=\"b4ab20b\" data-element_type=\"column\">\n\t\t\t<div class=\"elementor-widget-wrap elementor-element-populated\">\n\t\t\t\t\t\t<div class=\"elementor-element elementor-element-b5d87de elementor-widget elementor-widget-heading\" data-id=\"b5d87de\" data-element_type=\"widget\" data-widget_type=\"heading.default\">\n\t\t\t\t<div class=\"elementor-widget-container\">\n\t\t\t\t\t<h2 class=\"elementor-heading-title elementor-size-default\">Pompes \u00e0 chaleur<\/h2>\t\t\t\t<\/div>\n\t\t\t\t<\/div>\n\t\t\t\t<div class=\"elementor-element elementor-element-a42767a elementor-widget elementor-widget-image\" data-id=\"a42767a\" data-element_type=\"widget\" data-widget_type=\"image.default\">\n\t\t\t\t<div class=\"elementor-widget-container\">\n\t\t\t\t\t\t\t\t\t\t\t\t\t\t\t<img fetchpriority=\"high\" decoding=\"async\" width=\"1000\" height=\"1000\" src=\"https:\/\/www.elco-easy.ch\/wp-content\/uploads\/2022\/03\/elco_waermepumpe_klein.jpg\" class=\"attachment-large size-large wp-image-270\" alt=\"\" srcset=\"https:\/\/www.elco-easy.ch\/wp-content\/uploads\/2022\/03\/elco_waermepumpe_klein.jpg 1000w, https:\/\/www.elco-easy.ch\/wp-content\/uploads\/2022\/03\/elco_waermepumpe_klein-300x300.jpg 300w, https:\/\/www.elco-easy.ch\/wp-content\/uploads\/2022\/03\/elco_waermepumpe_klein-150x150.jpg 150w, https:\/\/www.elco-easy.ch\/wp-content\/uploads\/2022\/03\/elco_waermepumpe_klein-768x768.jpg 768w, https:\/\/www.elco-easy.ch\/wp-content\/uploads\/2022\/03\/elco_waermepumpe_klein-650x650.jpg 650w\" sizes=\"(max-width: 1000px) 100vw, 1000px\" \/>\t\t\t\t\t\t\t\t\t\t\t\t\t\t\t<\/div>\n\t\t\t\t<\/div>\n\t\t\t\t<div class=\"elementor-element elementor-element-7f71241 elementor-align-center elementor-widget elementor-widget-button\" data-id=\"7f71241\" data-element_type=\"widget\" data-widget_type=\"button.default\">\n\t\t\t\t<div class=\"elementor-widget-container\">\n\t\t\t\t\t\t\t\t\t<div class=\"elementor-button-wrapper\">\n\t\t\t\t\t<a class=\"elementor-button elementor-button-link elementor-size-sm\" href=\"https:\/\/www.elco-easy.ch\/fr\/pompes-a-chaleur\/\">\n\t\t\t\t\t\t<span class=\"elementor-button-content-wrapper\">\n\t\t\t\t\t\t\t\t\t<span class=\"elementor-button-text\">VOIR LES VID\u00c9OS<\/span>\n\t\t\t\t\t<\/span>\n\t\t\t\t\t<\/a>\n\t\t\t\t<\/div>\n\t\t\t\t\t\t\t\t<\/div>\n\t\t\t\t<\/div>\n\t\t\t\t\t<\/div>\n\t\t<\/div>\n\t\t\t\t<div class=\"elementor-column elementor-col-33 elementor-top-column elementor-element elementor-element-6c56a9c\" data-id=\"6c56a9c\" data-element_type=\"column\">\n\t\t\t<div class=\"elementor-widget-wrap elementor-element-populated\">\n\t\t\t\t\t\t<div class=\"elementor-element elementor-element-d1a1b87 elementor-widget elementor-widget-heading\" data-id=\"d1a1b87\" data-element_type=\"widget\" data-widget_type=\"heading.default\">\n\t\t\t\t<div class=\"elementor-widget-container\">\n\t\t\t\t\t<h2 class=\"elementor-heading-title elementor-size-default\">Chaudi\u00e8res \u00e0 gaz<\/h2>\t\t\t\t<\/div>\n\t\t\t\t<\/div>\n\t\t\t\t<div class=\"elementor-element elementor-element-005e83f elementor-widget elementor-widget-image\" data-id=\"005e83f\" data-element_type=\"widget\" data-widget_type=\"image.default\">\n\t\t\t\t<div class=\"elementor-widget-container\">\n\t\t\t\t\t\t\t\t\t\t\t\t\t\t\t<img decoding=\"async\" width=\"1000\" height=\"1000\" src=\"https:\/\/www.elco-easy.ch\/wp-content\/uploads\/2022\/03\/elco_gas_klein.jpg\" class=\"attachment-large size-large wp-image-272\" alt=\"\" srcset=\"https:\/\/www.elco-easy.ch\/wp-content\/uploads\/2022\/03\/elco_gas_klein.jpg 1000w, https:\/\/www.elco-easy.ch\/wp-content\/uploads\/2022\/03\/elco_gas_klein-300x300.jpg 300w, https:\/\/www.elco-easy.ch\/wp-content\/uploads\/2022\/03\/elco_gas_klein-150x150.jpg 150w, https:\/\/www.elco-easy.ch\/wp-content\/uploads\/2022\/03\/elco_gas_klein-768x768.jpg 768w, https:\/\/www.elco-easy.ch\/wp-content\/uploads\/2022\/03\/elco_gas_klein-650x650.jpg 650w\" sizes=\"(max-width: 1000px) 100vw, 1000px\" \/>\t\t\t\t\t\t\t\t\t\t\t\t\t\t\t<\/div>\n\t\t\t\t<\/div>\n\t\t\t\t<div class=\"elementor-element elementor-element-9497023 elementor-align-center elementor-widget elementor-widget-button\" data-id=\"9497023\" data-element_type=\"widget\" data-widget_type=\"button.default\">\n\t\t\t\t<div class=\"elementor-widget-container\">\n\t\t\t\t\t\t\t\t\t<div class=\"elementor-button-wrapper\">\n\t\t\t\t\t<a class=\"elementor-button elementor-button-link elementor-size-sm\" href=\"https:\/\/www.elco-easy.ch\/fr\/chaudieres-a-gaz\/\">\n\t\t\t\t\t\t<span class=\"elementor-button-content-wrapper\">\n\t\t\t\t\t\t\t\t\t<span class=\"elementor-button-text\">VOIR LES VID\u00c9OS<\/span>\n\t\t\t\t\t<\/span>\n\t\t\t\t\t<\/a>\n\t\t\t\t<\/div>\n\t\t\t\t\t\t\t\t<\/div>\n\t\t\t\t<\/div>\n\t\t\t\t\t<\/div>\n\t\t<\/div>\n\t\t\t\t<div class=\"elementor-column elementor-col-33 elementor-top-column elementor-element elementor-element-5c3ba10\" data-id=\"5c3ba10\" data-element_type=\"column\">\n\t\t\t<div class=\"elementor-widget-wrap elementor-element-populated\">\n\t\t\t\t\t\t<div class=\"elementor-element elementor-element-e6ca6df elementor-widget elementor-widget-heading\" data-id=\"e6ca6df\" data-element_type=\"widget\" data-widget_type=\"heading.default\">\n\t\t\t\t<div class=\"elementor-widget-container\">\n\t\t\t\t\t<h2 class=\"elementor-heading-title elementor-size-default\">Chaudi\u00e8res \u00e0 mazout<\/h2>\t\t\t\t<\/div>\n\t\t\t\t<\/div>\n\t\t\t\t<div class=\"elementor-element elementor-element-e8bb551 elementor-widget elementor-widget-image\" data-id=\"e8bb551\" data-element_type=\"widget\" data-widget_type=\"image.default\">\n\t\t\t\t<div class=\"elementor-widget-container\">\n\t\t\t\t\t\t\t\t\t\t\t\t\t\t\t<img decoding=\"async\" width=\"1000\" height=\"1000\" src=\"https:\/\/www.elco-easy.ch\/wp-content\/uploads\/2022\/03\/elco_oel_klein.jpg\" class=\"attachment-large size-large wp-image-274\" alt=\"\" srcset=\"https:\/\/www.elco-easy.ch\/wp-content\/uploads\/2022\/03\/elco_oel_klein.jpg 1000w, https:\/\/www.elco-easy.ch\/wp-content\/uploads\/2022\/03\/elco_oel_klein-300x300.jpg 300w, https:\/\/www.elco-easy.ch\/wp-content\/uploads\/2022\/03\/elco_oel_klein-150x150.jpg 150w, https:\/\/www.elco-easy.ch\/wp-content\/uploads\/2022\/03\/elco_oel_klein-768x768.jpg 768w, https:\/\/www.elco-easy.ch\/wp-content\/uploads\/2022\/03\/elco_oel_klein-650x650.jpg 650w\" sizes=\"(max-width: 1000px) 100vw, 1000px\" \/>\t\t\t\t\t\t\t\t\t\t\t\t\t\t\t<\/div>\n\t\t\t\t<\/div>\n\t\t\t\t<div class=\"elementor-element elementor-element-a2b5ed9 elementor-align-center elementor-widget elementor-widget-button\" data-id=\"a2b5ed9\" data-element_type=\"widget\" data-widget_type=\"button.default\">\n\t\t\t\t<div class=\"elementor-widget-container\">\n\t\t\t\t\t\t\t\t\t<div class=\"elementor-button-wrapper\">\n\t\t\t\t\t<a class=\"elementor-button elementor-button-link elementor-size-sm\" href=\"https:\/\/www.elco-easy.ch\/fr\/chaudieres-a-mazout\/\">\n\t\t\t\t\t\t<span class=\"elementor-button-content-wrapper\">\n\t\t\t\t\t\t\t\t\t<span class=\"elementor-button-text\">VOIR LES VID\u00c9OS<\/span>\n\t\t\t\t\t<\/span>\n\t\t\t\t\t<\/a>\n\t\t\t\t<\/div>\n\t\t\t\t\t\t\t\t<\/div>\n\t\t\t\t<\/div>\n\t\t\t\t\t<\/div>\n\t\t<\/div>\n\t\t\t\t\t<\/div>\n\t\t<\/section>\n\t\t\t\t<section class=\"elementor-section elementor-top-section elementor-element elementor-element-3d45d6c elementor-section-boxed elementor-section-height-default elementor-section-height-default\" data-id=\"3d45d6c\" data-element_type=\"section\" data-settings=\"{&quot;background_background&quot;:&quot;gradient&quot;}\">\n\t\t\t\t\t\t<div class=\"elementor-container elementor-column-gap-default\">\n\t\t\t\t\t<div class=\"elementor-column elementor-col-100 elementor-top-column elementor-element elementor-element-0d4e704\" data-id=\"0d4e704\" data-element_type=\"column\">\n\t\t\t<div class=\"elementor-widget-wrap elementor-element-populated\">\n\t\t\t\t\t\t<div class=\"elementor-element elementor-element-febffd9 elementor-widget elementor-widget-text-editor\" data-id=\"febffd9\" data-element_type=\"widget\" data-widget_type=\"text-editor.default\">\n\t\t\t\t<div class=\"elementor-widget-container\">\n\t\t\t\t\t\t\t\t\t<p style=\"text-align: left;\">Vous aussi, vous aimeriez partager des informations pratiques utiles avec les autres installateurs? Alors transmettez-les-nous, nous serons ravis de les diffuser.<\/p>\t\t\t\t\t\t\t\t<\/div>\n\t\t\t\t<\/div>\n\t\t\t\t<div class=\"elementor-element elementor-element-9a2849c elementor-widget elementor-widget-text-editor\" data-id=\"9a2849c\" data-element_type=\"widget\" data-widget_type=\"text-editor.default\">\n\t\t\t\t<div class=\"elementor-widget-container\">\n\t\t\t\t\t\t\t\t\t<p style=\"text-align: center;\">\n<div class=\"wpcf7 no-js\" id=\"wpcf7-f539-o1\" lang=\"de-DE\" dir=\"ltr\" data-wpcf7-id=\"539\">\n<div class=\"screen-reader-response\"><p role=\"status\" aria-live=\"polite\" aria-atomic=\"true\"><\/p> <ul><\/ul><\/div>\n<form action=\"\/fr\/wp-json\/wp\/v2\/pages\/324#wpcf7-f539-o1\" method=\"post\" class=\"wpcf7-form init\" aria-label=\"Kontaktformular\" novalidate=\"novalidate\" data-status=\"init\">\n<fieldset class=\"hidden-fields-container\"><input type=\"hidden\" name=\"_wpcf7\" value=\"539\" \/><input type=\"hidden\" name=\"_wpcf7_version\" value=\"6.1.3\" \/><input type=\"hidden\" name=\"_wpcf7_locale\" value=\"de_DE\" \/><input type=\"hidden\" name=\"_wpcf7_unit_tag\" value=\"wpcf7-f539-o1\" \/><input type=\"hidden\" name=\"_wpcf7_container_post\" value=\"0\" \/><input type=\"hidden\" name=\"_wpcf7_posted_data_hash\" value=\"\" \/><input type=\"hidden\" name=\"_wpcf7dtx_version\" value=\"5.0.3\" \/><input type=\"hidden\" name=\"_wpcf7_recaptcha_response\" value=\"\" \/>\n<\/fieldset>\n<p><label> Entreprise<br \/>\n<span class=\"wpcf7-form-control-wrap\" data-name=\"your-firma\"><input size=\"40\" maxlength=\"400\" class=\"wpcf7-form-control wpcf7-text wpcf7-validates-as-required\" aria-required=\"true\" aria-invalid=\"false\" value=\"\" type=\"text\" name=\"your-firma\" \/><\/span> <\/label>\n<\/p>\n<p><label> Pr\u00e9nom<br \/>\n<span class=\"wpcf7-form-control-wrap\" data-name=\"your-vorname\"><input size=\"40\" maxlength=\"400\" class=\"wpcf7-form-control wpcf7-text wpcf7-validates-as-required\" aria-required=\"true\" aria-invalid=\"false\" value=\"\" type=\"text\" name=\"your-vorname\" \/><\/span> <\/label>\n<\/p>\n<p><label> Nom<br \/>\n<span class=\"wpcf7-form-control-wrap\" data-name=\"your-name\"><input size=\"40\" maxlength=\"400\" class=\"wpcf7-form-control wpcf7-text wpcf7-validates-as-required\" aria-required=\"true\" aria-invalid=\"false\" value=\"\" type=\"text\" name=\"your-name\" \/><\/span> <\/label>\n<\/p>\n<p><label> Adresse e-mail<br \/>\n<span class=\"wpcf7-form-control-wrap\" data-name=\"your-email\"><input size=\"40\" maxlength=\"400\" class=\"wpcf7-form-control wpcf7-email wpcf7-validates-as-required wpcf7-text wpcf7-validates-as-email\" aria-required=\"true\" aria-invalid=\"false\" value=\"\" type=\"email\" name=\"your-email\" \/><\/span> <\/label>\n<\/p>\n<p><label> Message<br \/>\n<span class=\"wpcf7-form-control-wrap\" data-name=\"your-message\"><textarea cols=\"40\" rows=\"10\" maxlength=\"2000\" class=\"wpcf7-form-control wpcf7-textarea\" aria-invalid=\"false\" name=\"your-message\"><\/textarea><\/span> <\/label>\n<\/p>\n<p><span class=\"wpcf7-form-control-wrap\" data-name=\"datenschutz\"><span class=\"wpcf7-form-control wpcf7-acceptance\"><span class=\"wpcf7-list-item\"><label><input type=\"checkbox\" name=\"datenschutz\" value=\"1\" aria-invalid=\"false\" \/><span class=\"wpcf7-list-item-label\">J\u2019ai lu et j\u2019accepte la <a href=\"https:\/\/www.elco.ch\/fr-ch\/dse.html\" target=\"_blank\">Politique de confidentialit\u00e9<\/a>.<\/span><\/label><\/span><\/span><\/span>\n<\/p>\n<span class=\"wpcf7-form-control-wrap cf7-counter\" data-name=\"cf7-counter\"><input type=\"hidden\" name=\"cf7-counter\" class=\"wpcf7-form-control wpcf7-hidden wpcf7dtx wpcf7dtx-hidden\" aria-invalid=\"false\" value=\"608\"><\/span>\n<p><input class=\"wpcf7-form-control wpcf7-submit has-spinner\" type=\"submit\" value=\"Envoyer\" \/>\n<\/p><div class=\"wpcf7-response-output\" aria-hidden=\"true\"><\/div>\n<\/form>\n<\/div>\n<\/p>\t\t\t\t\t\t\t\t<\/div>\n\t\t\t\t<\/div>\n\t\t\t\t\t<\/div>\n\t\t<\/div>\n\t\t\t\t\t<\/div>\n\t\t<\/section>\n\t\t\t\t<\/div>\n\t\t","protected":false},"excerpt":{"rendered":"<p>ELCO vous facilite le travail. Tout est toujours plus facile quand on sait comment faire. Pour vous aider dans votre travail quotidien, [&hellip;]<\/p>\n","protected":false},"author":1,"featured_media":0,"parent":0,"menu_order":0,"comment_status":"closed","ping_status":"closed","template":"","meta":{"footnotes":""},"class_list":["post-324","page","type-page","status-publish","hentry"],"yoast_head":"<!-- This site is optimized with the Yoast SEO plugin v26.3 - https:\/\/yoast.com\/wordpress\/plugins\/seo\/ -->\n<title>Home - elco-easy.ch<\/title>\n<meta name=\"description\" content=\"Pour vous aider dans votre travail quotidien, nous avons r\u00e9uni des conseils et astuces utiles sur l\u2019int\u00e9gration, l\u2019installation ou le contr\u00f4le des appareils ELCO sous la forme de br\u00e8ves vid\u00e9os.\" \/>\n<meta name=\"robots\" content=\"index, follow, max-snippet:-1, max-image-preview:large, max-video-preview:-1\" \/>\n<link rel=\"canonical\" href=\"https:\/\/www.elco-easy.ch\/fr\/\" \/>\n<meta property=\"og:locale\" content=\"fr_FR\" \/>\n<meta property=\"og:type\" content=\"article\" \/>\n<meta property=\"og:title\" content=\"Home - elco-easy.ch\" \/>\n<meta property=\"og:description\" content=\"Pour vous aider dans votre travail quotidien, nous avons r\u00e9uni des conseils et astuces utiles sur l\u2019int\u00e9gration, l\u2019installation ou le contr\u00f4le des appareils ELCO sous la forme de br\u00e8ves vid\u00e9os.\" \/>\n<meta property=\"og:url\" content=\"https:\/\/www.elco-easy.ch\/fr\/\" \/>\n<meta property=\"og:site_name\" content=\"elco-easy.ch\" \/>\n<meta property=\"article:modified_time\" content=\"2022-04-06T07:08:36+00:00\" \/>\n<meta property=\"og:image\" content=\"https:\/\/www.elco-easy.ch\/wp-content\/uploads\/elementor\/thumbs\/elco_easy_header-pllx1nbcci6mlcsgn43wprito1jmlpoe8ycsv3dhds.jpg\" \/>\n<meta name=\"twitter:card\" content=\"summary_large_image\" \/>\n<meta name=\"twitter:label1\" content=\"Dur\u00e9e de lecture estim\u00e9e\" \/>\n\t<meta name=\"twitter:data1\" content=\"2 minutes\" \/>\n<script type=\"application\/ld+json\" class=\"yoast-schema-graph\">{\"@context\":\"https:\/\/schema.org\",\"@graph\":[{\"@type\":\"WebPage\",\"@id\":\"https:\/\/www.elco-easy.ch\/fr\/\",\"url\":\"https:\/\/www.elco-easy.ch\/fr\/\",\"name\":\"Home - elco-easy.ch\",\"isPartOf\":{\"@id\":\"https:\/\/www.elco-easy.ch\/#website\"},\"primaryImageOfPage\":{\"@id\":\"https:\/\/www.elco-easy.ch\/fr\/#primaryimage\"},\"image\":{\"@id\":\"https:\/\/www.elco-easy.ch\/fr\/#primaryimage\"},\"thumbnailUrl\":\"https:\/\/www.elco-easy.ch\/wp-content\/uploads\/elementor\/thumbs\/elco_easy_header-pllx1nbcci6mlcsgn43wprito1jmlpoe8ycsv3dhds.jpg\",\"datePublished\":\"2022-03-15T12:23:46+00:00\",\"dateModified\":\"2022-04-06T07:08:36+00:00\",\"description\":\"Pour vous aider dans votre travail quotidien, nous avons r\u00e9uni des conseils et astuces utiles sur l\u2019int\u00e9gration, l\u2019installation ou le contr\u00f4le des appareils ELCO sous la forme de br\u00e8ves vid\u00e9os.\",\"breadcrumb\":{\"@id\":\"https:\/\/www.elco-easy.ch\/fr\/#breadcrumb\"},\"inLanguage\":\"fr-FR\",\"potentialAction\":[{\"@type\":\"ReadAction\",\"target\":[\"https:\/\/www.elco-easy.ch\/fr\/\"]}]},{\"@type\":\"ImageObject\",\"inLanguage\":\"fr-FR\",\"@id\":\"https:\/\/www.elco-easy.ch\/fr\/#primaryimage\",\"url\":\"https:\/\/www.elco-easy.ch\/wp-content\/uploads\/elementor\/thumbs\/elco_easy_header-pllx1nbcci6mlcsgn43wprito1jmlpoe8ycsv3dhds.jpg\",\"contentUrl\":\"https:\/\/www.elco-easy.ch\/wp-content\/uploads\/elementor\/thumbs\/elco_easy_header-pllx1nbcci6mlcsgn43wprito1jmlpoe8ycsv3dhds.jpg\"},{\"@type\":\"BreadcrumbList\",\"@id\":\"https:\/\/www.elco-easy.ch\/fr\/#breadcrumb\",\"itemListElement\":[{\"@type\":\"ListItem\",\"position\":1,\"name\":\"Home\",\"item\":\"https:\/\/www.elco-easy.ch\/fr\/\"},{\"@type\":\"ListItem\",\"position\":2,\"name\":\"Home\"}]},{\"@type\":\"WebSite\",\"@id\":\"https:\/\/www.elco-easy.ch\/#website\",\"url\":\"https:\/\/www.elco-easy.ch\/\",\"name\":\"elco-easy.ch\",\"description\":\"Informationen f\u00fcr den Installateur\",\"potentialAction\":[{\"@type\":\"SearchAction\",\"target\":{\"@type\":\"EntryPoint\",\"urlTemplate\":\"https:\/\/www.elco-easy.ch\/?s={search_term_string}\"},\"query-input\":{\"@type\":\"PropertyValueSpecification\",\"valueRequired\":true,\"valueName\":\"search_term_string\"}}],\"inLanguage\":\"fr-FR\"}]}<\/script>\n<!-- \/ Yoast SEO plugin. -->","yoast_head_json":{"title":"Home - elco-easy.ch","description":"Pour vous aider dans votre travail quotidien, nous avons r\u00e9uni des conseils et astuces utiles sur l\u2019int\u00e9gration, l\u2019installation ou le contr\u00f4le des appareils ELCO sous la forme de br\u00e8ves vid\u00e9os.","robots":{"index":"index","follow":"follow","max-snippet":"max-snippet:-1","max-image-preview":"max-image-preview:large","max-video-preview":"max-video-preview:-1"},"canonical":"https:\/\/www.elco-easy.ch\/fr\/","og_locale":"fr_FR","og_type":"article","og_title":"Home - elco-easy.ch","og_description":"Pour vous aider dans votre travail quotidien, nous avons r\u00e9uni des conseils et astuces utiles sur l\u2019int\u00e9gration, l\u2019installation ou le contr\u00f4le des appareils ELCO sous la forme de br\u00e8ves vid\u00e9os.","og_url":"https:\/\/www.elco-easy.ch\/fr\/","og_site_name":"elco-easy.ch","article_modified_time":"2022-04-06T07:08:36+00:00","og_image":[{"url":"https:\/\/www.elco-easy.ch\/wp-content\/uploads\/elementor\/thumbs\/elco_easy_header-pllx1nbcci6mlcsgn43wprito1jmlpoe8ycsv3dhds.jpg","type":"","width":"","height":""}],"twitter_card":"summary_large_image","twitter_misc":{"Dur\u00e9e de lecture estim\u00e9e":"2 minutes"},"schema":{"@context":"https:\/\/schema.org","@graph":[{"@type":"WebPage","@id":"https:\/\/www.elco-easy.ch\/fr\/","url":"https:\/\/www.elco-easy.ch\/fr\/","name":"Home - elco-easy.ch","isPartOf":{"@id":"https:\/\/www.elco-easy.ch\/#website"},"primaryImageOfPage":{"@id":"https:\/\/www.elco-easy.ch\/fr\/#primaryimage"},"image":{"@id":"https:\/\/www.elco-easy.ch\/fr\/#primaryimage"},"thumbnailUrl":"https:\/\/www.elco-easy.ch\/wp-content\/uploads\/elementor\/thumbs\/elco_easy_header-pllx1nbcci6mlcsgn43wprito1jmlpoe8ycsv3dhds.jpg","datePublished":"2022-03-15T12:23:46+00:00","dateModified":"2022-04-06T07:08:36+00:00","description":"Pour vous aider dans votre travail quotidien, nous avons r\u00e9uni des conseils et astuces utiles sur l\u2019int\u00e9gration, l\u2019installation ou le contr\u00f4le des appareils ELCO sous la forme de br\u00e8ves vid\u00e9os.","breadcrumb":{"@id":"https:\/\/www.elco-easy.ch\/fr\/#breadcrumb"},"inLanguage":"fr-FR","potentialAction":[{"@type":"ReadAction","target":["https:\/\/www.elco-easy.ch\/fr\/"]}]},{"@type":"ImageObject","inLanguage":"fr-FR","@id":"https:\/\/www.elco-easy.ch\/fr\/#primaryimage","url":"https:\/\/www.elco-easy.ch\/wp-content\/uploads\/elementor\/thumbs\/elco_easy_header-pllx1nbcci6mlcsgn43wprito1jmlpoe8ycsv3dhds.jpg","contentUrl":"https:\/\/www.elco-easy.ch\/wp-content\/uploads\/elementor\/thumbs\/elco_easy_header-pllx1nbcci6mlcsgn43wprito1jmlpoe8ycsv3dhds.jpg"},{"@type":"BreadcrumbList","@id":"https:\/\/www.elco-easy.ch\/fr\/#breadcrumb","itemListElement":[{"@type":"ListItem","position":1,"name":"Home","item":"https:\/\/www.elco-easy.ch\/fr\/"},{"@type":"ListItem","position":2,"name":"Home"}]},{"@type":"WebSite","@id":"https:\/\/www.elco-easy.ch\/#website","url":"https:\/\/www.elco-easy.ch\/","name":"elco-easy.ch","description":"Informationen f\u00fcr den Installateur","potentialAction":[{"@type":"SearchAction","target":{"@type":"EntryPoint","urlTemplate":"https:\/\/www.elco-easy.ch\/?s={search_term_string}"},"query-input":{"@type":"PropertyValueSpecification","valueRequired":true,"valueName":"search_term_string"}}],"inLanguage":"fr-FR"}]}},"_links":{"self":[{"href":"https:\/\/www.elco-easy.ch\/fr\/wp-json\/wp\/v2\/pages\/324","targetHints":{"allow":["GET"]}}],"collection":[{"href":"https:\/\/www.elco-easy.ch\/fr\/wp-json\/wp\/v2\/pages"}],"about":[{"href":"https:\/\/www.elco-easy.ch\/fr\/wp-json\/wp\/v2\/types\/page"}],"author":[{"embeddable":true,"href":"https:\/\/www.elco-easy.ch\/fr\/wp-json\/wp\/v2\/users\/1"}],"replies":[{"embeddable":true,"href":"https:\/\/www.elco-easy.ch\/fr\/wp-json\/wp\/v2\/comments?post=324"}],"version-history":[{"count":38,"href":"https:\/\/www.elco-easy.ch\/fr\/wp-json\/wp\/v2\/pages\/324\/revisions"}],"predecessor-version":[{"id":546,"href":"https:\/\/www.elco-easy.ch\/fr\/wp-json\/wp\/v2\/pages\/324\/revisions\/546"}],"wp:attachment":[{"href":"https:\/\/www.elco-easy.ch\/fr\/wp-json\/wp\/v2\/media?parent=324"}],"curies":[{"name":"wp","href":"https:\/\/api.w.org\/{rel}","templated":true}]}}