{"id":357,"date":"2022-03-09T12:08:09","date_gmt":"2022-03-09T12:08:09","guid":{"rendered":"https:\/\/www.elco-easy.ch\/aktuell\/"},"modified":"2022-03-17T10:13:57","modified_gmt":"2022-03-17T10:13:57","slug":"actualites","status":"publish","type":"page","link":"https:\/\/www.elco-easy.ch\/fr\/actualites\/","title":{"rendered":"Actualit\u00e9s"},"content":{"rendered":"\t\t<div data-elementor-type=\"wp-page\" data-elementor-id=\"357\" class=\"elementor elementor-357 elementor-72\" data-elementor-settings=\"{&quot;element_pack_global_tooltip_width&quot;:{&quot;unit&quot;:&quot;px&quot;,&quot;size&quot;:&quot;&quot;,&quot;sizes&quot;:[]},&quot;element_pack_global_tooltip_width_tablet&quot;:{&quot;unit&quot;:&quot;px&quot;,&quot;size&quot;:&quot;&quot;,&quot;sizes&quot;:[]},&quot;element_pack_global_tooltip_width_mobile&quot;:{&quot;unit&quot;:&quot;px&quot;,&quot;size&quot;:&quot;&quot;,&quot;sizes&quot;:[]},&quot;element_pack_global_tooltip_padding&quot;:{&quot;unit&quot;:&quot;px&quot;,&quot;top&quot;:&quot;&quot;,&quot;right&quot;:&quot;&quot;,&quot;bottom&quot;:&quot;&quot;,&quot;left&quot;:&quot;&quot;,&quot;isLinked&quot;:true},&quot;element_pack_global_tooltip_padding_tablet&quot;:{&quot;unit&quot;:&quot;px&quot;,&quot;top&quot;:&quot;&quot;,&quot;right&quot;:&quot;&quot;,&quot;bottom&quot;:&quot;&quot;,&quot;left&quot;:&quot;&quot;,&quot;isLinked&quot;:true},&quot;element_pack_global_tooltip_padding_mobile&quot;:{&quot;unit&quot;:&quot;px&quot;,&quot;top&quot;:&quot;&quot;,&quot;right&quot;:&quot;&quot;,&quot;bottom&quot;:&quot;&quot;,&quot;left&quot;:&quot;&quot;,&quot;isLinked&quot;:true},&quot;element_pack_global_tooltip_border_radius&quot;:{&quot;unit&quot;:&quot;px&quot;,&quot;top&quot;:&quot;&quot;,&quot;right&quot;:&quot;&quot;,&quot;bottom&quot;:&quot;&quot;,&quot;left&quot;:&quot;&quot;,&quot;isLinked&quot;:true},&quot;element_pack_global_tooltip_border_radius_tablet&quot;:{&quot;unit&quot;:&quot;px&quot;,&quot;top&quot;:&quot;&quot;,&quot;right&quot;:&quot;&quot;,&quot;bottom&quot;:&quot;&quot;,&quot;left&quot;:&quot;&quot;,&quot;isLinked&quot;:true},&quot;element_pack_global_tooltip_border_radius_mobile&quot;:{&quot;unit&quot;:&quot;px&quot;,&quot;top&quot;:&quot;&quot;,&quot;right&quot;:&quot;&quot;,&quot;bottom&quot;:&quot;&quot;,&quot;left&quot;:&quot;&quot;,&quot;isLinked&quot;:true}}\">\n\t\t\t\t\t\t<section class=\"elementor-section elementor-top-section elementor-element elementor-element-d62eb92 elementor-section-full_width elementor-section-height-default elementor-section-height-default\" data-id=\"d62eb92\" data-element_type=\"section\">\n\t\t\t\t\t\t<div class=\"elementor-container elementor-column-gap-default\">\n\t\t\t\t\t<div class=\"elementor-column elementor-col-100 elementor-top-column elementor-element elementor-element-1817f81\" data-id=\"1817f81\" data-element_type=\"column\">\n\t\t\t<div class=\"elementor-widget-wrap elementor-element-populated\">\n\t\t\t\t\t\t<div class=\"elementor-element elementor-element-4933e75 elementor-widget elementor-widget-image\" data-id=\"4933e75\" data-element_type=\"widget\" data-widget_type=\"image.default\">\n\t\t\t\t<div class=\"elementor-widget-container\">\n\t\t\t\t\t\t\t\t\t\t\t\t\t\t\t<img decoding=\"async\" src=\"https:\/\/www.elco-easy.ch\/wp-content\/uploads\/elementor\/thumbs\/elco_referenzobjekte-rfkauz55puti2y666bg7qq7ajvvl19nctf790iahc0.jpg\" title=\"elco_referenzobjekte\" alt=\"elco_referenzobjekte\" loading=\"lazy\" \/>\t\t\t\t\t\t\t\t\t\t\t\t\t\t\t<\/div>\n\t\t\t\t<\/div>\n\t\t\t\t\t<\/div>\n\t\t<\/div>\n\t\t\t\t\t<\/div>\n\t\t<\/section>\n\t\t\t\t<section class=\"elementor-section elementor-top-section elementor-element elementor-element-057ab2e elementor-section-boxed elementor-section-height-default elementor-section-height-default\" data-id=\"057ab2e\" data-element_type=\"section\">\n\t\t\t\t\t\t<div class=\"elementor-container elementor-column-gap-default\">\n\t\t\t\t\t<div class=\"elementor-column elementor-col-100 elementor-top-column elementor-element elementor-element-33af73e\" data-id=\"33af73e\" data-element_type=\"column\">\n\t\t\t<div class=\"elementor-widget-wrap elementor-element-populated\">\n\t\t\t\t\t\t<div class=\"elementor-element elementor-element-939488b elementor-widget elementor-widget-heading\" data-id=\"939488b\" data-element_type=\"widget\" data-widget_type=\"heading.default\">\n\t\t\t\t<div class=\"elementor-widget-container\">\n\t\t\t\t\t<h1 class=\"elementor-heading-title elementor-size-default\">Actualit\u00e9s<\/h1>\t\t\t\t<\/div>\n\t\t\t\t<\/div>\n\t\t\t\t<div class=\"elementor-element elementor-element-5f6cfea elementor-widget elementor-widget-spacer\" data-id=\"5f6cfea\" data-element_type=\"widget\" data-widget_type=\"spacer.default\">\n\t\t\t\t<div class=\"elementor-widget-container\">\n\t\t\t\t\t\t\t<div class=\"elementor-spacer\">\n\t\t\t<div class=\"elementor-spacer-inner\"><\/div>\n\t\t<\/div>\n\t\t\t\t\t\t<\/div>\n\t\t\t\t<\/div>\n\t\t\t\t<div class=\"elementor-element elementor-element-9e49a75 elementor-widget elementor-widget-text-editor\" data-id=\"9e49a75\" data-element_type=\"widget\" data-widget_type=\"text-editor.default\">\n\t\t\t\t<div class=\"elementor-widget-container\">\n\t\t\t\t\t\t\t\t\t<p style=\"text-align: center;\"><span style=\"color: #666666; font-family: Verdana, Geneva, sans-serif; font-size: 16px;\">D\u00e9couvrez comment l\u2019AEROTOP\u00ae S en version \u00ab2-part\u00bb a permis d\u2019\u00e9viter de devoir \u00e9largir les portes, des travaux \u00e0 la fois p\u00e9nibles et co\u00fbteux, ainsi que d\u2019autres exemples passionnants de r\u00e9novations.<\/span><\/p>\t\t\t\t\t\t\t\t<\/div>\n\t\t\t\t<\/div>\n\t\t\t\t\t<\/div>\n\t\t<\/div>\n\t\t\t\t\t<\/div>\n\t\t<\/section>\n\t\t\t\t<section class=\"elementor-section elementor-top-section elementor-element elementor-element-3eb14c2 elementor-section-boxed elementor-section-height-default elementor-section-height-default\" data-id=\"3eb14c2\" data-element_type=\"section\">\n\t\t\t\t\t\t<div class=\"elementor-container elementor-column-gap-default\">\n\t\t\t\t\t<div class=\"elementor-column elementor-col-50 elementor-top-column elementor-element elementor-element-6c56a9c\" data-id=\"6c56a9c\" data-element_type=\"column\">\n\t\t\t<div class=\"elementor-widget-wrap elementor-element-populated\">\n\t\t\t\t\t\t<div class=\"elementor-element elementor-element-79fe207 elementor-widget elementor-widget-video\" data-id=\"79fe207\" data-element_type=\"widget\" data-settings=\"{&quot;youtube_url&quot;:&quot;https:\\\/\\\/youtu.be\\\/QjjYVCeJPnw&quot;,&quot;video_type&quot;:&quot;youtube&quot;,&quot;controls&quot;:&quot;yes&quot;}\" data-widget_type=\"video.default\">\n\t\t\t\t<div class=\"elementor-widget-container\">\n\t\t\t\t\t\t\t<div class=\"elementor-wrapper elementor-open-inline\">\n\t\t\t<div class=\"elementor-video\"><\/div>\t\t<\/div>\n\t\t\t\t\t\t<\/div>\n\t\t\t\t<\/div>\n\t\t\t\t<div class=\"elementor-element elementor-element-0ed50be elementor-widget elementor-widget-text-editor\" data-id=\"0ed50be\" data-element_type=\"widget\" data-widget_type=\"text-editor.default\">\n\t\t\t\t<div class=\"elementor-widget-container\">\n\t\t\t\t\t\t\t\t\t<h4>Gr\u00e2ce \u00e0 l\u2019AEROTOP\u00ae S 2-part, les all\u00e9es \u00e9troites ou escaliers raides ne font plus peur \u00e0 personne<\/h4><h6>RAPIDE ET ROBUSTE<\/h6><p>Depuis quelques ann\u00e9es, les pompes \u00e0 chaleur repr\u00e9sentent le syst\u00e8me de chauffage le plus pris\u00e9, non seulement pour les nouveaux b\u00e2timents mais aussi pour les r\u00e9novations. Les nouveaux appareils remplacent souvent une ancienne chaudi\u00e8re \u00e0 mazout ou gaz. Si ce changement de g\u00e9n\u00e9ration constitue un vrai plus pour l\u2019environnement, c\u2019est en revanche souvent une corv\u00e9e pour l\u2019installateur. En effet, notamment lorsque la pompe est chaleur est plac\u00e9e en int\u00e9rieur, l\u2019installation est souvent difficile, fastidieuse, et implique des co\u00fbts suppl\u00e9mentaires.<\/p><h6>UN ET UN FONT DEUX<\/h6><p>Les chambranles et passages \u00e9troits ou les escaliers raides ne font d\u00e9sormais plus peur \u00e0 personne. Car avec l\u2019AEROTOP\u00ae S 2-part d\u2019ELCO, l\u2019appareil peut \u00eatre divis\u00e9 en deux parties pour faciliter l\u2019installation. La puissance, la consommation \u00e9lectrique et le COP sont identiques \u00e0 ceux de la version classique. En revanche, l\u2019int\u00e9gration et l\u2019installation sont bien plus rapides. \u00abAvec leurs dimensions compactes et leur poids r\u00e9duit des deux parties, les monteurs pr\u00e9servent leur dos et le travail est men\u00e9 plus rapidement. Et le ma\u00eetre d\u2019\u0153uvre est ravi parce qu\u2019il ne doit pas d\u00e9bourser de suppl\u00e9ments\u00bb, souligne Roman Hauenstein, responsable du service chauffage chez <a href=\"https:\/\/hauensteinag.ch\/\" target=\"_blank\" rel=\"noopener\">U. Hauenstein Heizung L\u00fcftung Sanit\u00e4r AG<\/a>.<\/p><p>Comme dans cette maison individuelle des ann\u00e9es 1960 de Heimberg, Berne. La nouvelle pompe \u00e0 chaleur a pu \u00eatre plac\u00e9e sans probl\u00e8me dans l\u2019ancien espace de la cuve. Outre des muscles, l\u2019op\u00e9ration a pu \u00eatre r\u00e9alis\u00e9e avec un simple chariot de transport, sans grue. Le montage est lui aussi tr\u00e8s simple: les raccordements \u00e9lectriques sont pr\u00e9-mont\u00e9s pr\u00eats \u00e0 \u00eatre branch\u00e9s et les parties sup\u00e9rieure et inf\u00e9rieure sont fix\u00e9es \u00e0 l\u2019aide de quatre vis Allen. Un technicien ELCO raccorde ensuite les conduites de r\u00e9frig\u00e9rant et met sous vide la partie de transition. Une fois l\u2019habillage install\u00e9, la pompe \u00e0 chaleur est pr\u00eate pour l\u2019installation du syst\u00e8me de chauffage.<\/p><h6>UNE SOLUTION ID\u00c9ALE<\/h6><p>\u00abCe nouveau mod\u00e8le pr\u00e9sente de gros avantages, notamment dans les b\u00e2timents anciens. Il permet d\u2019\u00e9viter bien des difficult\u00e9s, d\u2019avancer plus rapidement, tout en offrant une excellente solution au ma\u00eetre d\u2019\u0153uvre\u00bb, commente Martin Rothacher, ing\u00e9nieur conseil ELCO. Cette solution a \u00e9galement su convaincre U. Hauenstein Heizung L\u00fcftung Sanit\u00e4r AG. Cette entreprise d\u2019installation planifie actuellement plusieurs projets avec l\u2019AEROTOP\u00ae S 2-part. La vid\u00e9o ci-dessus vous donne un aper\u00e7u de celui r\u00e9alis\u00e9 \u00e0 Heimberg<\/p>\t\t\t\t\t\t\t\t<\/div>\n\t\t\t\t<\/div>\n\t\t\t\t\t<\/div>\n\t\t<\/div>\n\t\t\t\t<div class=\"elementor-column elementor-col-50 elementor-top-column elementor-element elementor-element-5c3ba10\" data-id=\"5c3ba10\" data-element_type=\"column\">\n\t\t\t<div class=\"elementor-widget-wrap\">\n\t\t\t\t\t\t\t<\/div>\n\t\t<\/div>\n\t\t\t\t\t<\/div>\n\t\t<\/section>\n\t\t\t\t<\/div>\n\t\t","protected":false},"excerpt":{"rendered":"<p>Actualit\u00e9s D\u00e9couvrez comment l\u2019AEROTOP\u00ae S en version \u00ab2-part\u00bb a permis d\u2019\u00e9viter de devoir \u00e9largir les portes, des travaux \u00e0 la fois p\u00e9nibles [&hellip;]<\/p>\n","protected":false},"author":1,"featured_media":0,"parent":0,"menu_order":0,"comment_status":"closed","ping_status":"closed","template":"","meta":{"footnotes":""},"class_list":["post-357","page","type-page","status-publish","hentry"],"yoast_head":"<!-- This site is optimized with the Yoast SEO plugin v26.3 - https:\/\/yoast.com\/wordpress\/plugins\/seo\/ -->\n<title>Actualit\u00e9s - elco-easy.ch<\/title>\n<meta name=\"description\" content=\"D\u00e9couvrez comment l\u2019AEROTOP\u00ae S en version \u00ab2-part\u00bb a permis d\u2019\u00e9viter de devoir \u00e9largir les portes, des travaux \u00e0 la fois p\u00e9nibles et co\u00fbteux, ainsi que d\u2019autres exemples passionnants de r\u00e9novations.\" \/>\n<meta name=\"robots\" content=\"index, follow, max-snippet:-1, max-image-preview:large, max-video-preview:-1\" \/>\n<link rel=\"canonical\" href=\"https:\/\/www.elco-easy.ch\/fr\/actualites\/\" \/>\n<meta property=\"og:locale\" content=\"fr_FR\" \/>\n<meta property=\"og:type\" content=\"article\" \/>\n<meta property=\"og:title\" content=\"Actualit\u00e9s - elco-easy.ch\" \/>\n<meta property=\"og:description\" content=\"D\u00e9couvrez comment l\u2019AEROTOP\u00ae S en version \u00ab2-part\u00bb a permis d\u2019\u00e9viter de devoir \u00e9largir les portes, des travaux \u00e0 la fois p\u00e9nibles et co\u00fbteux, ainsi que d\u2019autres exemples passionnants de r\u00e9novations.\" \/>\n<meta property=\"og:url\" content=\"https:\/\/www.elco-easy.ch\/fr\/actualites\/\" \/>\n<meta property=\"og:site_name\" content=\"elco-easy.ch\" \/>\n<meta property=\"article:modified_time\" content=\"2022-03-17T10:13:57+00:00\" \/>\n<meta property=\"og:image\" content=\"https:\/\/www.elco-easy.ch\/wp-content\/uploads\/elementor\/thumbs\/elco_referenzobjekte-plm4fw3m64nh5420yp6nh2u3239fvbnbuqmzhmm0xs.jpg\" \/>\n<meta name=\"twitter:card\" content=\"summary_large_image\" \/>\n<meta name=\"twitter:label1\" content=\"Dur\u00e9e de lecture estim\u00e9e\" \/>\n\t<meta name=\"twitter:data1\" content=\"3 minutes\" \/>\n<script type=\"application\/ld+json\" class=\"yoast-schema-graph\">{\"@context\":\"https:\/\/schema.org\",\"@graph\":[{\"@type\":\"WebPage\",\"@id\":\"https:\/\/www.elco-easy.ch\/fr\/actualites\/\",\"url\":\"https:\/\/www.elco-easy.ch\/fr\/actualites\/\",\"name\":\"Actualit\u00e9s - elco-easy.ch\",\"isPartOf\":{\"@id\":\"https:\/\/www.elco-easy.ch\/#website\"},\"primaryImageOfPage\":{\"@id\":\"https:\/\/www.elco-easy.ch\/fr\/actualites\/#primaryimage\"},\"image\":{\"@id\":\"https:\/\/www.elco-easy.ch\/fr\/actualites\/#primaryimage\"},\"thumbnailUrl\":\"https:\/\/www.elco-easy.ch\/wp-content\/uploads\/elementor\/thumbs\/elco_referenzobjekte-plm4fw3m64nh5420yp6nh2u3239fvbnbuqmzhmm0xs.jpg\",\"datePublished\":\"2022-03-09T12:08:09+00:00\",\"dateModified\":\"2022-03-17T10:13:57+00:00\",\"description\":\"D\u00e9couvrez comment l\u2019AEROTOP\u00ae S en version \u00ab2-part\u00bb a permis d\u2019\u00e9viter de devoir \u00e9largir les portes, des travaux \u00e0 la fois p\u00e9nibles et co\u00fbteux, ainsi que d\u2019autres exemples passionnants de r\u00e9novations.\",\"breadcrumb\":{\"@id\":\"https:\/\/www.elco-easy.ch\/fr\/actualites\/#breadcrumb\"},\"inLanguage\":\"fr-FR\",\"potentialAction\":[{\"@type\":\"ReadAction\",\"target\":[\"https:\/\/www.elco-easy.ch\/fr\/actualites\/\"]}]},{\"@type\":\"ImageObject\",\"inLanguage\":\"fr-FR\",\"@id\":\"https:\/\/www.elco-easy.ch\/fr\/actualites\/#primaryimage\",\"url\":\"https:\/\/www.elco-easy.ch\/wp-content\/uploads\/elementor\/thumbs\/elco_referenzobjekte-plm4fw3m64nh5420yp6nh2u3239fvbnbuqmzhmm0xs.jpg\",\"contentUrl\":\"https:\/\/www.elco-easy.ch\/wp-content\/uploads\/elementor\/thumbs\/elco_referenzobjekte-plm4fw3m64nh5420yp6nh2u3239fvbnbuqmzhmm0xs.jpg\"},{\"@type\":\"BreadcrumbList\",\"@id\":\"https:\/\/www.elco-easy.ch\/fr\/actualites\/#breadcrumb\",\"itemListElement\":[{\"@type\":\"ListItem\",\"position\":1,\"name\":\"Home\",\"item\":\"https:\/\/www.elco-easy.ch\/fr\/\"},{\"@type\":\"ListItem\",\"position\":2,\"name\":\"Actualit\u00e9s\"}]},{\"@type\":\"WebSite\",\"@id\":\"https:\/\/www.elco-easy.ch\/#website\",\"url\":\"https:\/\/www.elco-easy.ch\/\",\"name\":\"elco-easy.ch\",\"description\":\"Informationen f\u00fcr den Installateur\",\"potentialAction\":[{\"@type\":\"SearchAction\",\"target\":{\"@type\":\"EntryPoint\",\"urlTemplate\":\"https:\/\/www.elco-easy.ch\/?s={search_term_string}\"},\"query-input\":{\"@type\":\"PropertyValueSpecification\",\"valueRequired\":true,\"valueName\":\"search_term_string\"}}],\"inLanguage\":\"fr-FR\"}]}<\/script>\n<!-- \/ Yoast SEO plugin. -->","yoast_head_json":{"title":"Actualit\u00e9s - elco-easy.ch","description":"D\u00e9couvrez comment l\u2019AEROTOP\u00ae S en version \u00ab2-part\u00bb a permis d\u2019\u00e9viter de devoir \u00e9largir les portes, des travaux \u00e0 la fois p\u00e9nibles et co\u00fbteux, ainsi que d\u2019autres exemples passionnants de r\u00e9novations.","robots":{"index":"index","follow":"follow","max-snippet":"max-snippet:-1","max-image-preview":"max-image-preview:large","max-video-preview":"max-video-preview:-1"},"canonical":"https:\/\/www.elco-easy.ch\/fr\/actualites\/","og_locale":"fr_FR","og_type":"article","og_title":"Actualit\u00e9s - elco-easy.ch","og_description":"D\u00e9couvrez comment l\u2019AEROTOP\u00ae S en version \u00ab2-part\u00bb a permis d\u2019\u00e9viter de devoir \u00e9largir les portes, des travaux \u00e0 la fois p\u00e9nibles et co\u00fbteux, ainsi que d\u2019autres exemples passionnants de r\u00e9novations.","og_url":"https:\/\/www.elco-easy.ch\/fr\/actualites\/","og_site_name":"elco-easy.ch","article_modified_time":"2022-03-17T10:13:57+00:00","og_image":[{"url":"https:\/\/www.elco-easy.ch\/wp-content\/uploads\/elementor\/thumbs\/elco_referenzobjekte-plm4fw3m64nh5420yp6nh2u3239fvbnbuqmzhmm0xs.jpg","type":"","width":"","height":""}],"twitter_card":"summary_large_image","twitter_misc":{"Dur\u00e9e de lecture estim\u00e9e":"3 minutes"},"schema":{"@context":"https:\/\/schema.org","@graph":[{"@type":"WebPage","@id":"https:\/\/www.elco-easy.ch\/fr\/actualites\/","url":"https:\/\/www.elco-easy.ch\/fr\/actualites\/","name":"Actualit\u00e9s - elco-easy.ch","isPartOf":{"@id":"https:\/\/www.elco-easy.ch\/#website"},"primaryImageOfPage":{"@id":"https:\/\/www.elco-easy.ch\/fr\/actualites\/#primaryimage"},"image":{"@id":"https:\/\/www.elco-easy.ch\/fr\/actualites\/#primaryimage"},"thumbnailUrl":"https:\/\/www.elco-easy.ch\/wp-content\/uploads\/elementor\/thumbs\/elco_referenzobjekte-plm4fw3m64nh5420yp6nh2u3239fvbnbuqmzhmm0xs.jpg","datePublished":"2022-03-09T12:08:09+00:00","dateModified":"2022-03-17T10:13:57+00:00","description":"D\u00e9couvrez comment l\u2019AEROTOP\u00ae S en version \u00ab2-part\u00bb a permis d\u2019\u00e9viter de devoir \u00e9largir les portes, des travaux \u00e0 la fois p\u00e9nibles et co\u00fbteux, ainsi que d\u2019autres exemples passionnants de r\u00e9novations.","breadcrumb":{"@id":"https:\/\/www.elco-easy.ch\/fr\/actualites\/#breadcrumb"},"inLanguage":"fr-FR","potentialAction":[{"@type":"ReadAction","target":["https:\/\/www.elco-easy.ch\/fr\/actualites\/"]}]},{"@type":"ImageObject","inLanguage":"fr-FR","@id":"https:\/\/www.elco-easy.ch\/fr\/actualites\/#primaryimage","url":"https:\/\/www.elco-easy.ch\/wp-content\/uploads\/elementor\/thumbs\/elco_referenzobjekte-plm4fw3m64nh5420yp6nh2u3239fvbnbuqmzhmm0xs.jpg","contentUrl":"https:\/\/www.elco-easy.ch\/wp-content\/uploads\/elementor\/thumbs\/elco_referenzobjekte-plm4fw3m64nh5420yp6nh2u3239fvbnbuqmzhmm0xs.jpg"},{"@type":"BreadcrumbList","@id":"https:\/\/www.elco-easy.ch\/fr\/actualites\/#breadcrumb","itemListElement":[{"@type":"ListItem","position":1,"name":"Home","item":"https:\/\/www.elco-easy.ch\/fr\/"},{"@type":"ListItem","position":2,"name":"Actualit\u00e9s"}]},{"@type":"WebSite","@id":"https:\/\/www.elco-easy.ch\/#website","url":"https:\/\/www.elco-easy.ch\/","name":"elco-easy.ch","description":"Informationen f\u00fcr den Installateur","potentialAction":[{"@type":"SearchAction","target":{"@type":"EntryPoint","urlTemplate":"https:\/\/www.elco-easy.ch\/?s={search_term_string}"},"query-input":{"@type":"PropertyValueSpecification","valueRequired":true,"valueName":"search_term_string"}}],"inLanguage":"fr-FR"}]}},"_links":{"self":[{"href":"https:\/\/www.elco-easy.ch\/fr\/wp-json\/wp\/v2\/pages\/357","targetHints":{"allow":["GET"]}}],"collection":[{"href":"https:\/\/www.elco-easy.ch\/fr\/wp-json\/wp\/v2\/pages"}],"about":[{"href":"https:\/\/www.elco-easy.ch\/fr\/wp-json\/wp\/v2\/types\/page"}],"author":[{"embeddable":true,"href":"https:\/\/www.elco-easy.ch\/fr\/wp-json\/wp\/v2\/users\/1"}],"replies":[{"embeddable":true,"href":"https:\/\/www.elco-easy.ch\/fr\/wp-json\/wp\/v2\/comments?post=357"}],"version-history":[{"count":14,"href":"https:\/\/www.elco-easy.ch\/fr\/wp-json\/wp\/v2\/pages\/357\/revisions"}],"predecessor-version":[{"id":496,"href":"https:\/\/www.elco-easy.ch\/fr\/wp-json\/wp\/v2\/pages\/357\/revisions\/496"}],"wp:attachment":[{"href":"https:\/\/www.elco-easy.ch\/fr\/wp-json\/wp\/v2\/media?parent=357"}],"curies":[{"name":"wp","href":"https:\/\/api.w.org\/{rel}","templated":true}]}}