{"id":309,"date":"2022-03-09T12:08:09","date_gmt":"2022-03-09T12:08:09","guid":{"rendered":"https:\/\/www.elco-easy.ch\/aktuell\/"},"modified":"2022-03-17T10:10:38","modified_gmt":"2022-03-17T10:10:38","slug":"attualita","status":"publish","type":"page","link":"https:\/\/www.elco-easy.ch\/it\/attualita\/","title":{"rendered":"Attualit\u00e0"},"content":{"rendered":"\t\t<div data-elementor-type=\"wp-page\" data-elementor-id=\"309\" class=\"elementor elementor-309 elementor-72\" data-elementor-settings=\"{&quot;element_pack_global_tooltip_width&quot;:{&quot;unit&quot;:&quot;px&quot;,&quot;size&quot;:&quot;&quot;,&quot;sizes&quot;:[]},&quot;element_pack_global_tooltip_width_tablet&quot;:{&quot;unit&quot;:&quot;px&quot;,&quot;size&quot;:&quot;&quot;,&quot;sizes&quot;:[]},&quot;element_pack_global_tooltip_width_mobile&quot;:{&quot;unit&quot;:&quot;px&quot;,&quot;size&quot;:&quot;&quot;,&quot;sizes&quot;:[]},&quot;element_pack_global_tooltip_padding&quot;:{&quot;unit&quot;:&quot;px&quot;,&quot;top&quot;:&quot;&quot;,&quot;right&quot;:&quot;&quot;,&quot;bottom&quot;:&quot;&quot;,&quot;left&quot;:&quot;&quot;,&quot;isLinked&quot;:true},&quot;element_pack_global_tooltip_padding_tablet&quot;:{&quot;unit&quot;:&quot;px&quot;,&quot;top&quot;:&quot;&quot;,&quot;right&quot;:&quot;&quot;,&quot;bottom&quot;:&quot;&quot;,&quot;left&quot;:&quot;&quot;,&quot;isLinked&quot;:true},&quot;element_pack_global_tooltip_padding_mobile&quot;:{&quot;unit&quot;:&quot;px&quot;,&quot;top&quot;:&quot;&quot;,&quot;right&quot;:&quot;&quot;,&quot;bottom&quot;:&quot;&quot;,&quot;left&quot;:&quot;&quot;,&quot;isLinked&quot;:true},&quot;element_pack_global_tooltip_border_radius&quot;:{&quot;unit&quot;:&quot;px&quot;,&quot;top&quot;:&quot;&quot;,&quot;right&quot;:&quot;&quot;,&quot;bottom&quot;:&quot;&quot;,&quot;left&quot;:&quot;&quot;,&quot;isLinked&quot;:true},&quot;element_pack_global_tooltip_border_radius_tablet&quot;:{&quot;unit&quot;:&quot;px&quot;,&quot;top&quot;:&quot;&quot;,&quot;right&quot;:&quot;&quot;,&quot;bottom&quot;:&quot;&quot;,&quot;left&quot;:&quot;&quot;,&quot;isLinked&quot;:true},&quot;element_pack_global_tooltip_border_radius_mobile&quot;:{&quot;unit&quot;:&quot;px&quot;,&quot;top&quot;:&quot;&quot;,&quot;right&quot;:&quot;&quot;,&quot;bottom&quot;:&quot;&quot;,&quot;left&quot;:&quot;&quot;,&quot;isLinked&quot;:true}}\">\n\t\t\t\t\t\t<section class=\"elementor-section elementor-top-section elementor-element elementor-element-d62eb92 elementor-section-full_width elementor-section-height-default elementor-section-height-default\" data-id=\"d62eb92\" data-element_type=\"section\">\n\t\t\t\t\t\t<div class=\"elementor-container elementor-column-gap-default\">\n\t\t\t\t\t<div class=\"elementor-column elementor-col-100 elementor-top-column elementor-element elementor-element-1817f81\" data-id=\"1817f81\" data-element_type=\"column\">\n\t\t\t<div class=\"elementor-widget-wrap elementor-element-populated\">\n\t\t\t\t\t\t<div class=\"elementor-element elementor-element-4933e75 elementor-widget elementor-widget-image\" data-id=\"4933e75\" data-element_type=\"widget\" data-widget_type=\"image.default\">\n\t\t\t\t<div class=\"elementor-widget-container\">\n\t\t\t\t\t\t\t\t\t\t\t\t\t\t\t<img decoding=\"async\" src=\"https:\/\/www.elco-easy.ch\/wp-content\/uploads\/elementor\/thumbs\/elco_referenzobjekte-rfkauz55puti2y666bg7qq7ajvvl19nctf790iahc0.jpg\" title=\"elco_referenzobjekte\" alt=\"elco_referenzobjekte\" loading=\"lazy\" \/>\t\t\t\t\t\t\t\t\t\t\t\t\t\t\t<\/div>\n\t\t\t\t<\/div>\n\t\t\t\t\t<\/div>\n\t\t<\/div>\n\t\t\t\t\t<\/div>\n\t\t<\/section>\n\t\t\t\t<section class=\"elementor-section elementor-top-section elementor-element elementor-element-057ab2e elementor-section-boxed elementor-section-height-default elementor-section-height-default\" data-id=\"057ab2e\" data-element_type=\"section\">\n\t\t\t\t\t\t<div class=\"elementor-container elementor-column-gap-default\">\n\t\t\t\t\t<div class=\"elementor-column elementor-col-100 elementor-top-column elementor-element elementor-element-33af73e\" data-id=\"33af73e\" data-element_type=\"column\">\n\t\t\t<div class=\"elementor-widget-wrap elementor-element-populated\">\n\t\t\t\t\t\t<div class=\"elementor-element elementor-element-939488b elementor-widget elementor-widget-heading\" data-id=\"939488b\" data-element_type=\"widget\" data-widget_type=\"heading.default\">\n\t\t\t\t<div class=\"elementor-widget-container\">\n\t\t\t\t\t<h1 class=\"elementor-heading-title elementor-size-default\">Attualit\u00e0<\/h1>\t\t\t\t<\/div>\n\t\t\t\t<\/div>\n\t\t\t\t<div class=\"elementor-element elementor-element-5f6cfea elementor-widget elementor-widget-spacer\" data-id=\"5f6cfea\" data-element_type=\"widget\" data-widget_type=\"spacer.default\">\n\t\t\t\t<div class=\"elementor-widget-container\">\n\t\t\t\t\t\t\t<div class=\"elementor-spacer\">\n\t\t\t<div class=\"elementor-spacer-inner\"><\/div>\n\t\t<\/div>\n\t\t\t\t\t\t<\/div>\n\t\t\t\t<\/div>\n\t\t\t\t<div class=\"elementor-element elementor-element-9e49a75 elementor-widget elementor-widget-text-editor\" data-id=\"9e49a75\" data-element_type=\"widget\" data-widget_type=\"text-editor.default\">\n\t\t\t\t<div class=\"elementor-widget-container\">\n\t\t\t\t\t\t\t\t\t<p style=\"text-align: center;\"><span style=\"color: #666666; font-family: Verdana, Geneva, sans-serif; font-size: 16px;\">Scoprite come AEROTOP\u00ae S nella variane separabile \u00ab2-part\u00bb ha permesso di evitare dispendiosi e costosi allargamenti di porte e seguite altri entusiasmanti esempi di risanamento.<\/span><\/p>\t\t\t\t\t\t\t\t<\/div>\n\t\t\t\t<\/div>\n\t\t\t\t\t<\/div>\n\t\t<\/div>\n\t\t\t\t\t<\/div>\n\t\t<\/section>\n\t\t\t\t<section class=\"elementor-section elementor-top-section elementor-element elementor-element-3eb14c2 elementor-section-boxed elementor-section-height-default elementor-section-height-default\" data-id=\"3eb14c2\" data-element_type=\"section\">\n\t\t\t\t\t\t<div class=\"elementor-container elementor-column-gap-default\">\n\t\t\t\t\t<div class=\"elementor-column elementor-col-50 elementor-top-column elementor-element elementor-element-6c56a9c\" data-id=\"6c56a9c\" data-element_type=\"column\">\n\t\t\t<div class=\"elementor-widget-wrap elementor-element-populated\">\n\t\t\t\t\t\t<div class=\"elementor-element elementor-element-79fe207 elementor-widget elementor-widget-video\" data-id=\"79fe207\" data-element_type=\"widget\" data-settings=\"{&quot;youtube_url&quot;:&quot;https:\\\/\\\/youtu.be\\\/082ySW0nLQ8&quot;,&quot;video_type&quot;:&quot;youtube&quot;,&quot;controls&quot;:&quot;yes&quot;}\" data-widget_type=\"video.default\">\n\t\t\t\t<div class=\"elementor-widget-container\">\n\t\t\t\t\t\t\t<div class=\"elementor-wrapper elementor-open-inline\">\n\t\t\t<div class=\"elementor-video\"><\/div>\t\t<\/div>\n\t\t\t\t\t\t<\/div>\n\t\t\t\t<\/div>\n\t\t\t\t<div class=\"elementor-element elementor-element-0ed50be elementor-widget elementor-widget-text-editor\" data-id=\"0ed50be\" data-element_type=\"widget\" data-widget_type=\"text-editor.default\">\n\t\t\t\t<div class=\"elementor-widget-container\">\n\t\t\t\t\t\t\t\t\t<h4>Grazie alla AEROTOP\u00ae S 2-part i corridoi stretti e le scale ripide non fanno pi\u00f9 paura<\/h4><h6>RAPIDIT\u00c0 E FUNZIONALIT\u00c0<\/h6><p>Da qualche anno, le termopompe sono il generatore di calore pi\u00f9 gettonato non solo per le nuove costruzioni, ma anche per i risanamenti. Le nuove macchine sostituiscono spesso una vecchia caldaia a gasolio o a gas. Questo cambio generazionale nel locale tecnico rappresenta un vantaggio per l&#8217;ambiente, ma si traduce sovente in una faticaccia per l&#8217;installatore. Infatti, soprattutto per le termopompe da installare all&#8217;interno, il trasporto in loco si rivela spesso laborioso, complesso e legato a costi supplementari per interventi costruttivi.<\/p><h6>DIVISIONE A MET\u00c0<\/h6><p>Porte strette, corridoi angusti o scale ripide non fanno pi\u00f9 paura. AEROTOP\u00ae S 2-part di ELCO \u00e8 infatti scomponibile in due parti per consentire una movimentazione agevole e senza problemi. I dati di prestazione, il consumo di elettricit\u00e0 e il valore COP sono identici a quelli della versione convenzionale. Nettamente pi\u00f9 veloci sono invece il trasporto in loco e il posizionamento della macchina. \u00abGrazie alle dimensioni compatte e al peso contenuto delle due parti, per i nostri montatori il lavoro risulta nettamente meno faticoso pi\u00f9 e rapido. E il committente \u00e8 contento, perch\u00e9 non deve far fronte a spese supplementari\u00bb, sottolinea Roman Hauenstein, capo reparto riscaldamenti alla <a href=\"https:\/\/hauensteinag.ch\/\" target=\"_blank\" rel=\"noopener\">U. Hauenstein Heizung L\u00fcftung Sanit\u00e4r AG<\/a>.<\/p><p>Un esempio perfetto \u00e8 una casa unifamiliare risalente agli anni 1960 a Heimberg (BE). La nuova termopompa ha potuto esse trasportata senza problemi nell&#8217;ex locale cisterna. Ci\u00f2 ha richiesto solo forza di braccia e un carrello, ma nessuna gru. Anche il montaggio \u00e8 semplice: i cablaggi elettrici sono premontati e pronti per il collegamento, mentre la parte superiore e inferiore vengono fissate con quattro viti a cava esagonale. In seguito, il tecnico ELCO collega le condotte del refrigerante e procede alla messa sotto vuoto dei raccordi. Una volta applicati i rivestimenti esterni della termopompa si pu\u00f2 procedere all&#8217;installazione del sistema di riscaldamento.<\/p><p><span style=\"color: #000000;\"><strong style=\"font-size: inherit; font-family: var(--uicore-typography--p-f,'Inter'); font-style: var(--uicore-typography--p-st,'normal'); letter-spacing: var(--uicore-typography--p-ls,'-0.027em'); text-transform: var(--uicore-typography--p-t,'none');\">SOLUZIONE IDEALE<\/strong><\/span><\/p><p><span style=\"font-size: inherit; color: var(--uicore-typography--p-c,'#070707'); font-family: var(--uicore-typography--p-f,'Inter'); font-style: var(--uicore-typography--p-st,'normal'); font-weight: var(--uicore-typography--p-w,'600'); letter-spacing: var(--uicore-typography--p-ls,'-0.027em'); text-transform: var(--uicore-typography--p-t,'none');\">\u00abLa nuova macchina offre grandi vantaggi soprattutto negli oggetti pi\u00f9 vecchi. Si risparmia un sacco di fatica, il lavoro procede pi\u00f9 speditamente e si pu\u00f2 comunque offrire al committente un&#8217;eccellente soluzione\u00bb, commenta Martin Rothacher, consulente per ingegneri alla ELCO. Anche la U. Hauenstein Heizung L\u00fcftung Sanit\u00e4r AG \u00e8 convinta di questa soluzione. La ditta installatrice prevede attualmente diversi progetti con la AEROTOP<\/span><sup style=\"font-family: var(--uicore-typography--p-f,'Inter'); font-style: var(--uicore-typography--p-st,'normal'); font-weight: var(--uicore-typography--p-w,'600'); letter-spacing: var(--uicore-typography--p-ls,'-0.027em'); text-transform: var(--uicore-typography--p-t,'none');\">\u00ae<\/sup><span style=\"font-size: inherit; color: var(--uicore-typography--p-c,'#070707'); font-family: var(--uicore-typography--p-f,'Inter'); font-style: var(--uicore-typography--p-st,'normal'); font-weight: var(--uicore-typography--p-w,'600'); letter-spacing: var(--uicore-typography--p-ls,'-0.027em'); text-transform: var(--uicore-typography--p-t,'none');\"> 2-part. Il videoclip riportato sotto fornisce una visione di insieme del progetto a Heimberg.<\/span><\/p>\t\t\t\t\t\t\t\t<\/div>\n\t\t\t\t<\/div>\n\t\t\t\t\t<\/div>\n\t\t<\/div>\n\t\t\t\t<div class=\"elementor-column elementor-col-50 elementor-top-column elementor-element elementor-element-5c3ba10\" data-id=\"5c3ba10\" data-element_type=\"column\">\n\t\t\t<div class=\"elementor-widget-wrap\">\n\t\t\t\t\t\t\t<\/div>\n\t\t<\/div>\n\t\t\t\t\t<\/div>\n\t\t<\/section>\n\t\t\t\t<\/div>\n\t\t","protected":false},"excerpt":{"rendered":"<p>Attualit\u00e0 Scoprite come AEROTOP\u00ae S nella variane separabile \u00ab2-part\u00bb ha permesso di evitare dispendiosi e costosi allargamenti di porte e seguite altri [&hellip;]<\/p>\n","protected":false},"author":1,"featured_media":0,"parent":0,"menu_order":0,"comment_status":"closed","ping_status":"closed","template":"","meta":{"footnotes":""},"class_list":["post-309","page","type-page","status-publish","hentry"],"yoast_head":"<!-- This site is optimized with the Yoast SEO plugin v26.3 - https:\/\/yoast.com\/wordpress\/plugins\/seo\/ -->\n<title>Attualit\u00e0 - elco-easy.ch<\/title>\n<meta name=\"description\" content=\"Scoprite come AEROTOP\u00ae S nella variane separabile \u00ab2-part\u00bb ha permesso di evitare dispendiosi e costosi allargamenti di porte e seguite altri entusiasmanti esempi di risanamento.\" \/>\n<meta name=\"robots\" content=\"index, follow, max-snippet:-1, max-image-preview:large, max-video-preview:-1\" \/>\n<link rel=\"canonical\" href=\"https:\/\/www.elco-easy.ch\/it\/attualita\/\" \/>\n<meta property=\"og:locale\" content=\"it_IT\" \/>\n<meta property=\"og:type\" content=\"article\" \/>\n<meta property=\"og:title\" content=\"Attualit\u00e0 - elco-easy.ch\" \/>\n<meta property=\"og:description\" content=\"Scoprite come AEROTOP\u00ae S nella variane separabile \u00ab2-part\u00bb ha permesso di evitare dispendiosi e costosi allargamenti di porte e seguite altri entusiasmanti esempi di risanamento.\" \/>\n<meta property=\"og:url\" content=\"https:\/\/www.elco-easy.ch\/it\/attualita\/\" \/>\n<meta property=\"og:site_name\" content=\"elco-easy.ch\" \/>\n<meta property=\"article:modified_time\" content=\"2022-03-17T10:10:38+00:00\" \/>\n<meta property=\"og:image\" content=\"https:\/\/www.elco-easy.ch\/wp-content\/uploads\/elementor\/thumbs\/elco_referenzobjekte-plm4fw3m64nh5420yp6nh2u3239fvbnbuqmzhmm0xs.jpg\" \/>\n<meta name=\"twitter:card\" content=\"summary_large_image\" \/>\n<meta name=\"twitter:label1\" content=\"Tempo di lettura stimato\" \/>\n\t<meta name=\"twitter:data1\" content=\"3 minuti\" \/>\n<script type=\"application\/ld+json\" class=\"yoast-schema-graph\">{\"@context\":\"https:\/\/schema.org\",\"@graph\":[{\"@type\":\"WebPage\",\"@id\":\"https:\/\/www.elco-easy.ch\/it\/attualita\/\",\"url\":\"https:\/\/www.elco-easy.ch\/it\/attualita\/\",\"name\":\"Attualit\u00e0 - elco-easy.ch\",\"isPartOf\":{\"@id\":\"https:\/\/www.elco-easy.ch\/#website\"},\"primaryImageOfPage\":{\"@id\":\"https:\/\/www.elco-easy.ch\/it\/attualita\/#primaryimage\"},\"image\":{\"@id\":\"https:\/\/www.elco-easy.ch\/it\/attualita\/#primaryimage\"},\"thumbnailUrl\":\"https:\/\/www.elco-easy.ch\/wp-content\/uploads\/elementor\/thumbs\/elco_referenzobjekte-plm4fw3m64nh5420yp6nh2u3239fvbnbuqmzhmm0xs.jpg\",\"datePublished\":\"2022-03-09T12:08:09+00:00\",\"dateModified\":\"2022-03-17T10:10:38+00:00\",\"description\":\"Scoprite come AEROTOP\u00ae S nella variane separabile \u00ab2-part\u00bb ha permesso di evitare dispendiosi e costosi allargamenti di porte e seguite altri entusiasmanti esempi di risanamento.\",\"breadcrumb\":{\"@id\":\"https:\/\/www.elco-easy.ch\/it\/attualita\/#breadcrumb\"},\"inLanguage\":\"it-IT\",\"potentialAction\":[{\"@type\":\"ReadAction\",\"target\":[\"https:\/\/www.elco-easy.ch\/it\/attualita\/\"]}]},{\"@type\":\"ImageObject\",\"inLanguage\":\"it-IT\",\"@id\":\"https:\/\/www.elco-easy.ch\/it\/attualita\/#primaryimage\",\"url\":\"https:\/\/www.elco-easy.ch\/wp-content\/uploads\/elementor\/thumbs\/elco_referenzobjekte-plm4fw3m64nh5420yp6nh2u3239fvbnbuqmzhmm0xs.jpg\",\"contentUrl\":\"https:\/\/www.elco-easy.ch\/wp-content\/uploads\/elementor\/thumbs\/elco_referenzobjekte-plm4fw3m64nh5420yp6nh2u3239fvbnbuqmzhmm0xs.jpg\"},{\"@type\":\"BreadcrumbList\",\"@id\":\"https:\/\/www.elco-easy.ch\/it\/attualita\/#breadcrumb\",\"itemListElement\":[{\"@type\":\"ListItem\",\"position\":1,\"name\":\"Home\",\"item\":\"https:\/\/www.elco-easy.ch\/it\/\"},{\"@type\":\"ListItem\",\"position\":2,\"name\":\"Attualit\u00e0\"}]},{\"@type\":\"WebSite\",\"@id\":\"https:\/\/www.elco-easy.ch\/#website\",\"url\":\"https:\/\/www.elco-easy.ch\/\",\"name\":\"elco-easy.ch\",\"description\":\"Informationen f\u00fcr den Installateur\",\"potentialAction\":[{\"@type\":\"SearchAction\",\"target\":{\"@type\":\"EntryPoint\",\"urlTemplate\":\"https:\/\/www.elco-easy.ch\/?s={search_term_string}\"},\"query-input\":{\"@type\":\"PropertyValueSpecification\",\"valueRequired\":true,\"valueName\":\"search_term_string\"}}],\"inLanguage\":\"it-IT\"}]}<\/script>\n<!-- \/ Yoast SEO plugin. -->","yoast_head_json":{"title":"Attualit\u00e0 - elco-easy.ch","description":"Scoprite come AEROTOP\u00ae S nella variane separabile \u00ab2-part\u00bb ha permesso di evitare dispendiosi e costosi allargamenti di porte e seguite altri entusiasmanti esempi di risanamento.","robots":{"index":"index","follow":"follow","max-snippet":"max-snippet:-1","max-image-preview":"max-image-preview:large","max-video-preview":"max-video-preview:-1"},"canonical":"https:\/\/www.elco-easy.ch\/it\/attualita\/","og_locale":"it_IT","og_type":"article","og_title":"Attualit\u00e0 - elco-easy.ch","og_description":"Scoprite come AEROTOP\u00ae S nella variane separabile \u00ab2-part\u00bb ha permesso di evitare dispendiosi e costosi allargamenti di porte e seguite altri entusiasmanti esempi di risanamento.","og_url":"https:\/\/www.elco-easy.ch\/it\/attualita\/","og_site_name":"elco-easy.ch","article_modified_time":"2022-03-17T10:10:38+00:00","og_image":[{"url":"https:\/\/www.elco-easy.ch\/wp-content\/uploads\/elementor\/thumbs\/elco_referenzobjekte-plm4fw3m64nh5420yp6nh2u3239fvbnbuqmzhmm0xs.jpg","type":"","width":"","height":""}],"twitter_card":"summary_large_image","twitter_misc":{"Tempo di lettura stimato":"3 minuti"},"schema":{"@context":"https:\/\/schema.org","@graph":[{"@type":"WebPage","@id":"https:\/\/www.elco-easy.ch\/it\/attualita\/","url":"https:\/\/www.elco-easy.ch\/it\/attualita\/","name":"Attualit\u00e0 - elco-easy.ch","isPartOf":{"@id":"https:\/\/www.elco-easy.ch\/#website"},"primaryImageOfPage":{"@id":"https:\/\/www.elco-easy.ch\/it\/attualita\/#primaryimage"},"image":{"@id":"https:\/\/www.elco-easy.ch\/it\/attualita\/#primaryimage"},"thumbnailUrl":"https:\/\/www.elco-easy.ch\/wp-content\/uploads\/elementor\/thumbs\/elco_referenzobjekte-plm4fw3m64nh5420yp6nh2u3239fvbnbuqmzhmm0xs.jpg","datePublished":"2022-03-09T12:08:09+00:00","dateModified":"2022-03-17T10:10:38+00:00","description":"Scoprite come AEROTOP\u00ae S nella variane separabile \u00ab2-part\u00bb ha permesso di evitare dispendiosi e costosi allargamenti di porte e seguite altri entusiasmanti esempi di risanamento.","breadcrumb":{"@id":"https:\/\/www.elco-easy.ch\/it\/attualita\/#breadcrumb"},"inLanguage":"it-IT","potentialAction":[{"@type":"ReadAction","target":["https:\/\/www.elco-easy.ch\/it\/attualita\/"]}]},{"@type":"ImageObject","inLanguage":"it-IT","@id":"https:\/\/www.elco-easy.ch\/it\/attualita\/#primaryimage","url":"https:\/\/www.elco-easy.ch\/wp-content\/uploads\/elementor\/thumbs\/elco_referenzobjekte-plm4fw3m64nh5420yp6nh2u3239fvbnbuqmzhmm0xs.jpg","contentUrl":"https:\/\/www.elco-easy.ch\/wp-content\/uploads\/elementor\/thumbs\/elco_referenzobjekte-plm4fw3m64nh5420yp6nh2u3239fvbnbuqmzhmm0xs.jpg"},{"@type":"BreadcrumbList","@id":"https:\/\/www.elco-easy.ch\/it\/attualita\/#breadcrumb","itemListElement":[{"@type":"ListItem","position":1,"name":"Home","item":"https:\/\/www.elco-easy.ch\/it\/"},{"@type":"ListItem","position":2,"name":"Attualit\u00e0"}]},{"@type":"WebSite","@id":"https:\/\/www.elco-easy.ch\/#website","url":"https:\/\/www.elco-easy.ch\/","name":"elco-easy.ch","description":"Informationen f\u00fcr den Installateur","potentialAction":[{"@type":"SearchAction","target":{"@type":"EntryPoint","urlTemplate":"https:\/\/www.elco-easy.ch\/?s={search_term_string}"},"query-input":{"@type":"PropertyValueSpecification","valueRequired":true,"valueName":"search_term_string"}}],"inLanguage":"it-IT"}]}},"_links":{"self":[{"href":"https:\/\/www.elco-easy.ch\/it\/wp-json\/wp\/v2\/pages\/309","targetHints":{"allow":["GET"]}}],"collection":[{"href":"https:\/\/www.elco-easy.ch\/it\/wp-json\/wp\/v2\/pages"}],"about":[{"href":"https:\/\/www.elco-easy.ch\/it\/wp-json\/wp\/v2\/types\/page"}],"author":[{"embeddable":true,"href":"https:\/\/www.elco-easy.ch\/it\/wp-json\/wp\/v2\/users\/1"}],"replies":[{"embeddable":true,"href":"https:\/\/www.elco-easy.ch\/it\/wp-json\/wp\/v2\/comments?post=309"}],"version-history":[{"count":21,"href":"https:\/\/www.elco-easy.ch\/it\/wp-json\/wp\/v2\/pages\/309\/revisions"}],"predecessor-version":[{"id":490,"href":"https:\/\/www.elco-easy.ch\/it\/wp-json\/wp\/v2\/pages\/309\/revisions\/490"}],"wp:attachment":[{"href":"https:\/\/www.elco-easy.ch\/it\/wp-json\/wp\/v2\/media?parent=309"}],"curies":[{"name":"wp","href":"https:\/\/api.w.org\/{rel}","templated":true}]}}